{"id":251,"date":"2022-06-30T18:13:04","date_gmt":"2022-06-30T18:13:04","guid":{"rendered":"https:\/\/cepapec.cz\/reviews\/"},"modified":"2022-07-13T14:14:28","modified_gmt":"2022-07-13T14:14:28","slug":"reviews-cep-a-pec","status":"publish","type":"page","link":"https:\/\/cepapec.cz\/en\/reviews-cep-a-pec\/","title":{"rendered":"Reviews"},"content":{"rendered":"<div class=\"ti-widget ti-goog\" data-layout-id=\"31\" data-set-id=\"light-background-large\" data-pid=\"\" data-column-vertical-separate=\"1\" data-review-target-width=\"300\" data-language=\"cs\" > <div class=\"ti-widget-container ti-col-3\"> <div class=\"ti-header source-Google\" > <div class=\"ti-mob-row\"> <span class=\"nowrap\"><strong>VYNIKAJ\u00cdC\u00cd<\/strong><\/span> <span class=\"ti-stars\"><span class=\"ti-star f\"><\/span><span class=\"ti-star f\"><\/span><span class=\"ti-star f\"><\/span><span class=\"ti-star f\"><\/span><span class=\"ti-star f\"><\/span><\/span> <\/div> <div class=\"ti-mob-row\"> <span class=\"nowrap\"><strong>56 hodnocen\u00ed<\/strong> na<\/span><div class=\"ti-small-logo\"><img src=\"https:\/\/cepapec.cz\/wp-content\/plugins\/wp-reviews-plugin-for-google\/static\/img\/platform\/logo.svg?ver=do-not-care-11.3\" alt=\"Google\"><\/div> <\/div> <\/div> <div class=\"ti-reviews-container\"> <div class=\"ti-reviews-container-wrapper\">  <div data-empty=\"1\" class=\"ti-review-item source-Google\" data-index=\"0\" > <div class=\"ti-inner\"> <div class=\"ti-review-header\"> <div class=\"ti-profile-img\"> <img src=\"https:\/\/lh3.googleusercontent.com\/a\/ALm5wu14iMO33uVR1f_ruqXfH-Yk3yb-_JG_6pFnd09R=s120-c-c-rp-w64-h64-mo-br100\" alt=\"Vojt\u011bch S\u00fdkora\" \/> <\/div> <div class=\"ti-profile-details\"> <div class=\"ti-name\"> Vojt\u011bch S\u00fdkora <\/div> <div class=\"ti-date\">1. Prosinec, 2022.<\/div> <\/div> <\/div> <span class=\"ti-stars\"><span class=\"ti-star f\"><\/span><span class=\"ti-star f\"><\/span><span class=\"ti-star f\"><\/span><span class=\"ti-star f\"><\/span><span class=\"ti-star f\"><\/span><\/span> <div class=\"ti-review-content\"> <div class=\"ti-review-text-container ti-inner\"><!-- R-CONTENT --><!-- R-CONTENT --><\/div> <span class=\"ti-read-more\" data-container=\".ti-review-content .ti-inner\" data-collapse-text=\"Skr\u00fdt\" data-open-text=\"P\u0159e\u010dt\u011bte si v\u00edce\" ><\/span> <\/div> <\/div> <\/div>  <div data-empty=\"1\" class=\"ti-review-item source-Google\" data-index=\"0\" > <div class=\"ti-inner\"> <div class=\"ti-review-header\"> <div class=\"ti-profile-img\"> <img src=\"https:\/\/lh3.googleusercontent.com\/a\/ALm5wu1puguX7G360Bcf8QhHK4Cxh4eVEl1CzdxdbObN=s120-c-c-rp-w64-h64-mo-br100\" alt=\"Tomas Vercimak\" \/> <\/div> <div class=\"ti-profile-details\"> <div class=\"ti-name\"> Tomas Vercimak <\/div> <div class=\"ti-date\">1. Prosinec, 2022.<\/div> <\/div> <\/div> <span class=\"ti-stars\"><span class=\"ti-star f\"><\/span><span class=\"ti-star f\"><\/span><span class=\"ti-star f\"><\/span><span class=\"ti-star f\"><\/span><span class=\"ti-star f\"><\/span><\/span> <div class=\"ti-review-content\"> <div class=\"ti-review-text-container ti-inner\"><!-- R-CONTENT --><!-- R-CONTENT --><\/div> <span class=\"ti-read-more\" data-container=\".ti-review-content .ti-inner\" data-collapse-text=\"Skr\u00fdt\" data-open-text=\"P\u0159e\u010dt\u011bte si v\u00edce\" ><\/span> <\/div> <\/div> <\/div>  <div data-empty=\"1\" class=\"ti-review-item source-Google\" data-index=\"0\" > <div class=\"ti-inner\"> <div class=\"ti-review-header\"> <div class=\"ti-profile-img\"> <img src=\"https:\/\/lh3.googleusercontent.com\/a-\/ACNPEu9sp-IYvoxuS0pT-fpGrh8dMhebUvGlRkEf4IYo_w=s120-c-c-rp-w64-h64-mo-ba3-br100\" alt=\"Ond\u0159ej Barto\u0161\" \/> <\/div> <div class=\"ti-profile-details\"> <div class=\"ti-name\"> Ond\u0159ej Barto\u0161 <\/div> <div class=\"ti-date\">26. Listopad, 2022.<\/div> <\/div> <\/div> <span class=\"ti-stars\"><span class=\"ti-star f\"><\/span><span class=\"ti-star f\"><\/span><span class=\"ti-star f\"><\/span><span class=\"ti-star f\"><\/span><span class=\"ti-star f\"><\/span><\/span> <div class=\"ti-review-content\"> <div class=\"ti-review-text-container ti-inner\"><!-- R-CONTENT --><!-- R-CONTENT --><\/div> <span class=\"ti-read-more\" data-container=\".ti-review-content .ti-inner\" data-collapse-text=\"Skr\u00fdt\" data-open-text=\"P\u0159e\u010dt\u011bte si v\u00edce\" ><\/span> <\/div> <\/div> <\/div>  <div data-empty=\"0\" class=\"ti-review-item source-Google\" data-index=\"0\" > <div class=\"ti-inner\"> <div class=\"ti-review-header\"> <div class=\"ti-profile-img\"> <img src=\"https:\/\/lh3.googleusercontent.com\/a-\/ACNPEu_XWG0PAQMukf9LO0Nzmam2eCnN9w-OVE7NgEL5tg=s120-c-c-rp-w64-h64-mo-ba3-br100\" alt=\"\u0160t\u011bp\u00e1n Pipal\" \/> <\/div> <div class=\"ti-profile-details\"> <div class=\"ti-name\"> \u0160t\u011bp\u00e1n Pipal <\/div> <div class=\"ti-date\">24. Listopad, 2022.<\/div> <\/div> <\/div> <span class=\"ti-stars\"><span class=\"ti-star f\"><\/span><span class=\"ti-star f\"><\/span><span class=\"ti-star f\"><\/span><span class=\"ti-star f\"><\/span><span class=\"ti-star f\"><\/span><\/span> <div class=\"ti-review-content\"> <div class=\"ti-review-text-container ti-inner\"><!-- R-CONTENT -->Nejlepsi hospoda v Nuslich s paradnim vyberem piv z minipivovaru. Muzu pouze doporucit \u2764\ufe0f\ud83d\udc4d.<!-- R-CONTENT --><\/div> <span class=\"ti-read-more\" data-container=\".ti-review-content .ti-inner\" data-collapse-text=\"Skr\u00fdt\" data-open-text=\"P\u0159e\u010dt\u011bte si v\u00edce\" ><\/span> <\/div> <\/div> <\/div>  <div data-empty=\"1\" class=\"ti-review-item source-Google\" data-index=\"0\" > <div class=\"ti-inner\"> <div class=\"ti-review-header\"> <div class=\"ti-profile-img\"> <img src=\"https:\/\/lh3.googleusercontent.com\/a-\/ACNPEu_g-RuTqwWq28uZLIBZMsNAyotdceBcuKrt_cpDyA=s120-c-c-rp-w64-h64-mo-br100\" alt=\"Jan Bartul\u00edk\" \/> <\/div> <div class=\"ti-profile-details\"> <div class=\"ti-name\"> Jan Bartul\u00edk <\/div> <div class=\"ti-date\">20. Listopad, 2022.<\/div> <\/div> <\/div> <span class=\"ti-stars\"><span class=\"ti-star f\"><\/span><span class=\"ti-star f\"><\/span><span class=\"ti-star f\"><\/span><span class=\"ti-star f\"><\/span><span class=\"ti-star f\"><\/span><\/span> <div class=\"ti-review-content\"> <div class=\"ti-review-text-container ti-inner\"><!-- R-CONTENT --><!-- R-CONTENT --><\/div> <span class=\"ti-read-more\" data-container=\".ti-review-content .ti-inner\" data-collapse-text=\"Skr\u00fdt\" data-open-text=\"P\u0159e\u010dt\u011bte si v\u00edce\" ><\/span> <\/div> <\/div> <\/div>  <div data-empty=\"0\" class=\"ti-review-item source-Google\" data-index=\"0\" > <div class=\"ti-inner\"> <div class=\"ti-review-header\"> <div class=\"ti-profile-img\"> <img src=\"https:\/\/lh3.googleusercontent.com\/a-\/ACNPEu_Nc8q_pImkNjkbUlBl-ueuWF5I39pEkuWcNmhTPQ=s120-c-c-rp-w64-h64-mo-ba4-br100\" alt=\"M T\" \/> <\/div> <div class=\"ti-profile-details\"> <div class=\"ti-name\"> M T <\/div> <div class=\"ti-date\">20. Listopad, 2022.<\/div> <\/div> <\/div> <span class=\"ti-stars\"><span class=\"ti-star f\"><\/span><span class=\"ti-star f\"><\/span><span class=\"ti-star f\"><\/span><span class=\"ti-star f\"><\/span><span class=\"ti-star f\"><\/span><\/span> <div class=\"ti-review-content\"> <div class=\"ti-review-text-container ti-inner\"><!-- R-CONTENT -->V\u00edc takov\u00fdch podnik\u016f v Praze!<!-- R-CONTENT --><\/div> <span class=\"ti-read-more\" data-container=\".ti-review-content .ti-inner\" data-collapse-text=\"Skr\u00fdt\" data-open-text=\"P\u0159e\u010dt\u011bte si v\u00edce\" ><\/span> <\/div> <\/div> <\/div>  <div data-empty=\"1\" class=\"ti-review-item source-Google\" data-index=\"0\" > <div class=\"ti-inner\"> <div class=\"ti-review-header\"> <div class=\"ti-profile-img\"> <img src=\"https:\/\/lh3.googleusercontent.com\/a-\/ACNPEu8GB5_JZ53NgsHHZMgYKbBjmH05moKCfz9gV0S8Hj4=s120-c-c-rp-w64-h64-mo-ba4-br100\" alt=\"Kuba Bern\u00e1th (Bernyz)\" \/> <\/div> <div class=\"ti-profile-details\"> <div class=\"ti-name\"> Kuba Bern\u00e1th (Bernyz) <\/div> <div class=\"ti-date\">17. Listopad, 2022.<\/div> <\/div> <\/div> <span class=\"ti-stars\"><span class=\"ti-star f\"><\/span><span class=\"ti-star f\"><\/span><span class=\"ti-star f\"><\/span><span class=\"ti-star f\"><\/span><span class=\"ti-star f\"><\/span><\/span> <div class=\"ti-review-content\"> <div class=\"ti-review-text-container ti-inner\"><!-- R-CONTENT --><!-- R-CONTENT --><\/div> <span class=\"ti-read-more\" data-container=\".ti-review-content .ti-inner\" data-collapse-text=\"Skr\u00fdt\" data-open-text=\"P\u0159e\u010dt\u011bte si v\u00edce\" ><\/span> <\/div> <\/div> <\/div>  <div data-empty=\"0\" class=\"ti-review-item source-Google\" data-index=\"0\" > <div class=\"ti-inner\"> <div class=\"ti-review-header\"> <div class=\"ti-profile-img\"> <img src=\"https:\/\/lh3.googleusercontent.com\/a-\/ACNPEu-ZKgyhgBwkPEnvHgMZfIHuHtI2NdTp67FwAxMPHA=s120-c-c-rp-w64-h64-mo-ba4-br100\" alt=\"Veronika Voseck\u00e1\" \/> <\/div> <div class=\"ti-profile-details\"> <div class=\"ti-name\"> Veronika Voseck\u00e1 <\/div> <div class=\"ti-date\">13. Listopad, 2022.<\/div> <\/div> <\/div> <span class=\"ti-stars\"><span class=\"ti-star f\"><\/span><span class=\"ti-star f\"><\/span><span class=\"ti-star f\"><\/span><span class=\"ti-star e\"><\/span><span class=\"ti-star e\"><\/span><\/span> <div class=\"ti-review-content\"> <div class=\"ti-review-text-container ti-inner\"><!-- R-CONTENT -->V tomto podniku jsem se byla jen oh\u0159\u00e1t na jedno. \ud83c\udf7a Obsluha byla doslova obstojn\u00e1, skoro si n\u00e1s nev\u0161imla. Na ve\u010de\u0159i nedo\u0161lo, tud\u00ed\u017e nem\u016f\u017eu posoudit, jak zde va\u0159\u00ed. Pivo bylo dobr\u00e9. Doporu\u010duji zavolat si o rezervaci stolu ne\u017e se sem vyd\u00e1te.<!-- R-CONTENT --><\/div> <span class=\"ti-read-more\" data-container=\".ti-review-content .ti-inner\" data-collapse-text=\"Skr\u00fdt\" data-open-text=\"P\u0159e\u010dt\u011bte si v\u00edce\" ><\/span> <\/div> <\/div> <\/div>  <div data-empty=\"0\" class=\"ti-review-item source-Google\" data-index=\"0\" > <div class=\"ti-inner\"> <div class=\"ti-review-header\"> <div class=\"ti-profile-img\"> <img src=\"https:\/\/lh3.googleusercontent.com\/a\/ALm5wu2NYNzzmum8vgwXks2Q-Pixk-ZwF6TwKJdKNpzs=s120-c-c-rp-w64-h64-mo-br100\" alt=\"Romana Pavla\u010dkov\u00e1\" \/> <\/div> <div class=\"ti-profile-details\"> <div class=\"ti-name\"> Romana Pavla\u010dkov\u00e1 <\/div> <div class=\"ti-date\">13. Listopad, 2022.<\/div> <\/div> <\/div> <span class=\"ti-stars\"><span class=\"ti-star f\"><\/span><span class=\"ti-star f\"><\/span><span class=\"ti-star f\"><\/span><span class=\"ti-star f\"><\/span><span class=\"ti-star f\"><\/span><\/span> <div class=\"ti-review-content\"> <div class=\"ti-review-text-container ti-inner\"><!-- R-CONTENT -->Perfektni!<!-- R-CONTENT --><\/div> <span class=\"ti-read-more\" data-container=\".ti-review-content .ti-inner\" data-collapse-text=\"Skr\u00fdt\" data-open-text=\"P\u0159e\u010dt\u011bte si v\u00edce\" ><\/span> <\/div> <\/div> <\/div>  <div data-empty=\"0\" class=\"ti-review-item source-Google\" data-index=\"0\" > <div class=\"ti-inner\"> <div class=\"ti-review-header\"> <div class=\"ti-profile-img\"> <img src=\"https:\/\/lh3.googleusercontent.com\/a-\/ACNPEu_HpsIlo5yLjJVJbuFU8kq_Eid6eeSQHNSUARYKOw=s120-c-c-rp-w64-h64-mo-ba3-br100\" alt=\"Kirby Mueller\" \/> <\/div> <div class=\"ti-profile-details\"> <div class=\"ti-name\"> Kirby Mueller <\/div> <div class=\"ti-date\">13. Listopad, 2022.<\/div> <\/div> <\/div> <span class=\"ti-stars\"><span class=\"ti-star f\"><\/span><span class=\"ti-star f\"><\/span><span class=\"ti-star f\"><\/span><span class=\"ti-star f\"><\/span><span class=\"ti-star f\"><\/span><\/span> <div class=\"ti-review-content\"> <div class=\"ti-review-text-container ti-inner\"><!-- R-CONTENT -->Unfassbar gutes Essen! Unscheinbar aber top Adresse in Prag! 80er style trifft novelle cuisine!<!-- R-CONTENT --><\/div> <span class=\"ti-read-more\" data-container=\".ti-review-content .ti-inner\" data-collapse-text=\"Skr\u00fdt\" data-open-text=\"P\u0159e\u010dt\u011bte si v\u00edce\" ><\/span> <\/div> <\/div> <\/div>  <\/div> <\/div> <div class=\"ti-load-more-reviews-container\"> <div class=\"ti-load-more-reviews-button\" style=\"display: none\">Na\u010d\u00edst dal\u0161\u00ed<\/div> <\/div>  <\/div> <\/div>\n","protected":false},"excerpt":{"rendered":"","protected":false},"author":1,"featured_media":0,"parent":0,"menu_order":0,"comment_status":"closed","ping_status":"closed","template":"","meta":[],"acf":[],"_links":{"self":[{"href":"https:\/\/cepapec.cz\/en\/wp-json\/wp\/v2\/pages\/251"}],"collection":[{"href":"https:\/\/cepapec.cz\/en\/wp-json\/wp\/v2\/pages"}],"about":[{"href":"https:\/\/cepapec.cz\/en\/wp-json\/wp\/v2\/types\/page"}],"author":[{"embeddable":true,"href":"https:\/\/cepapec.cz\/en\/wp-json\/wp\/v2\/users\/1"}],"replies":[{"embeddable":true,"href":"https:\/\/cepapec.cz\/en\/wp-json\/wp\/v2\/comments?post=251"}],"version-history":[{"count":1,"href":"https:\/\/cepapec.cz\/en\/wp-json\/wp\/v2\/pages\/251\/revisions"}],"predecessor-version":[{"id":252,"href":"https:\/\/cepapec.cz\/en\/wp-json\/wp\/v2\/pages\/251\/revisions\/252"}],"wp:attachment":[{"href":"https:\/\/cepapec.cz\/en\/wp-json\/wp\/v2\/media?parent=251"}],"curies":[{"name":"wp","href":"https:\/\/api.w.org\/{rel}","templated":true}]}}