{"id":247,"date":"2022-06-29T19:53:51","date_gmt":"2022-06-29T19:53:51","guid":{"rendered":"https:\/\/cepapec.cz\/about-us\/"},"modified":"2022-07-13T19:40:48","modified_gmt":"2022-07-13T19:40:48","slug":"about-us","status":"publish","type":"page","link":"https:\/\/cepapec.cz\/en\/about-us\/","title":{"rendered":"About us"},"content":{"rendered":"<div id=\"sp-yyixya\" class=\"sp-el-row sm:sp-flex sp-w-full sp-m-auto sp-justify-between\">\n<div id=\"sp-qeq2bc\" class=\"sp-el-col sp-w-full\">\n<div id=\"sp-ujjlj0\" class=\"sp-css-target sp-text-wrapper sp-el-block sp-text-wrapper-ujjlj0\">\n<p>My grandfather Josef Bruncl\u00edk was a successful miller and baker. My father a succesful chef. My own passion turned out to be beer. In 2019 I launched the project <a href=\"https:\/\/fourelementsbrewery.com\/\" target=\"_blank\" rel=\"noopener\">Four Elements Flying Brewery<\/a>, the visual side of which is being handled by my wife Tereza Du\u0161kov\u00e1 Dotla\u010dilov\u00e1. An idea started to form in my brain to follow the family tradition while creating something of my own in the process. In 2021 we found a place we wanted to renovate. A place you wouldn&#8217;t confuse with any other.<\/p>\n<\/div>\n<div id=\"sp-i45xmp\" class=\"sp-css-target sp-text-wrapper sp-el-block sp-text-wrapper-i45xmp\">\n<p>&nbsp;<\/p>\n<p>A friendly, family-run business.<\/p>\n<p>The philosophy of this business is to be authentic, casual, humble and imaginative.<\/p>\n<p>To offer a wide range of beers and fresh baked goods.<\/p>\n<p>Refreshments made only from produce supplied by local farmers.<\/p>\n<p>To create a space where everyone will feel comfortable and new stories will be written.<\/p>\n<p>We&#8217;re in the process of writing ours&#8230; so come take a look&#8230;<\/p>\n<p>&nbsp;<\/p>\n<\/div>\n<\/div>\n<\/div>\n<p><img loading=\"lazy\" class=\"alignnone wp-image-29 size-full\" src=\"https:\/\/cepapec.cz\/wp-content\/uploads\/2022\/01\/DSC_8110m.jpg\" alt=\"\" width=\"1000\" height=\"667\" srcset=\"https:\/\/cepapec.cz\/wp-content\/uploads\/2022\/01\/DSC_8110m.jpg 1000w, https:\/\/cepapec.cz\/wp-content\/uploads\/2022\/01\/DSC_8110m-300x200.jpg 300w, https:\/\/cepapec.cz\/wp-content\/uploads\/2022\/01\/DSC_8110m-768x512.jpg 768w\" sizes=\"(max-width: 1000px) 100vw, 1000px\" \/><\/p>\n","protected":false},"excerpt":{"rendered":"My grandfather Josef Bruncl\u00edk was a successful miller and baker. My father a succesful chef. My own passion turned out to be beer. In 2019 I launched the project Four Elements Flying Brewery, the visual side of which is being handled by my wife Tereza Du\u0161kov\u00e1 Dotla\u010dilov\u00e1. An idea started to form in my brain&#8230; <a class=\"view-article\" href=\"https:\/\/cepapec.cz\/en\/about-us\/\">View Article<\/a>","protected":false},"author":1,"featured_media":0,"parent":0,"menu_order":0,"comment_status":"closed","ping_status":"closed","template":"","meta":[],"acf":[],"_links":{"self":[{"href":"https:\/\/cepapec.cz\/en\/wp-json\/wp\/v2\/pages\/247"}],"collection":[{"href":"https:\/\/cepapec.cz\/en\/wp-json\/wp\/v2\/pages"}],"about":[{"href":"https:\/\/cepapec.cz\/en\/wp-json\/wp\/v2\/types\/page"}],"author":[{"embeddable":true,"href":"https:\/\/cepapec.cz\/en\/wp-json\/wp\/v2\/users\/1"}],"replies":[{"embeddable":true,"href":"https:\/\/cepapec.cz\/en\/wp-json\/wp\/v2\/comments?post=247"}],"version-history":[{"count":3,"href":"https:\/\/cepapec.cz\/en\/wp-json\/wp\/v2\/pages\/247\/revisions"}],"predecessor-version":[{"id":279,"href":"https:\/\/cepapec.cz\/en\/wp-json\/wp\/v2\/pages\/247\/revisions\/279"}],"wp:attachment":[{"href":"https:\/\/cepapec.cz\/en\/wp-json\/wp\/v2\/media?parent=247"}],"curies":[{"name":"wp","href":"https:\/\/api.w.org\/{rel}","templated":true}]}}